{"id":346,"date":"2025-12-17T16:02:15","date_gmt":"2025-12-17T15:02:15","guid":{"rendered":"https:\/\/armin-kohl-consult.at\/?page_id=346"},"modified":"2026-01-23T11:44:55","modified_gmt":"2026-01-23T10:44:55","slug":"contact","status":"publish","type":"page","link":"https:\/\/armin-kohl-consult.at\/fr\/contact\/","title":{"rendered":"Contact"},"content":{"rendered":"\n<style type=\"text\/css\" data-created_by=\"avia_inline_auto\" id=\"style-css-av-1fchsi-2f239e1e1c3bbb5e0cdde142cf4910e0\">\n#top .flex_column.av-1fchsi-2f239e1e1c3bbb5e0cdde142cf4910e0{\nmargin-top:0px;\nmargin-bottom:-100px;\n}\n.responsive #top #wrap_all .flex_column.av-1fchsi-2f239e1e1c3bbb5e0cdde142cf4910e0{\nmargin-top:0px;\nmargin-bottom:-100px;\n}\n\n@media only screen and (max-width: 479px){ \n#top .flex_column.av-1fchsi-2f239e1e1c3bbb5e0cdde142cf4910e0{\nmargin-bottom:-100px;\n}\n.responsive #top #wrap_all .flex_column.av-1fchsi-2f239e1e1c3bbb5e0cdde142cf4910e0{\nmargin-bottom:-100px;\n}\n}\n<\/style>\n<div  class='flex_column av-1fchsi-2f239e1e1c3bbb5e0cdde142cf4910e0 av_one_full  avia-builder-el-0  el_before_av_slideshow_full  avia-builder-el-no-sibling  first flex_column_div  '     ><style type=\"text\/css\" data-created_by=\"avia_inline_auto\" id=\"style-css-av-mjfxz6hd-ce3ddc62425eb5abfaae31cacd663ad9\">\n#top .av-special-heading.av-mjfxz6hd-ce3ddc62425eb5abfaae31cacd663ad9{\npadding-bottom:10px;\ncolor:#ffffff;\n}\nbody .av-special-heading.av-mjfxz6hd-ce3ddc62425eb5abfaae31cacd663ad9 .av-special-heading-tag .heading-char{\nfont-size:25px;\n}\n.av-special-heading.av-mjfxz6hd-ce3ddc62425eb5abfaae31cacd663ad9 .special-heading-inner-border{\nborder-color:#ffffff;\n}\n.av-special-heading.av-mjfxz6hd-ce3ddc62425eb5abfaae31cacd663ad9 .av-subheading{\nfont-size:15px;\n}\n<\/style>\n<div  class='av-special-heading av-mjfxz6hd-ce3ddc62425eb5abfaae31cacd663ad9 av-special-heading-h1 custom-color-heading blockquote modern-quote  avia-builder-el-1  avia-builder-el-no-sibling '><h1 class='av-special-heading-tag '  itemprop=\"headline\"  >Contact<\/h1><div class=\"special-heading-border\"><div class=\"special-heading-inner-border\"><\/div><\/div><\/div><\/div>\n<\/div><\/div><\/div><!-- close content main div --><\/div><\/div><div id='full_slider_1'  class='avia-fullwidth-slider main_color avia-shadow   avia-builder-el-2  el_after_av_one_full  el_before_av_one_fifth   slider-not-first container_wrap sidebar_right'  ><div  class='avia-slideshow av-h140y-12f3e34467af95732d3670cfa08ca916 avia-slideshow-no scaling av_slideshow_full avia-slide-slider av-slideshow-ui av-control-default av-slideshow-manual av-loop-once av-loop-manual-endless av-default-height-applied   avia-slideshow-1' data-slideshow-options=\"{&quot;animation&quot;:&quot;slide&quot;,&quot;autoplay&quot;:false,&quot;loop_autoplay&quot;:&quot;once&quot;,&quot;interval&quot;:5,&quot;loop_manual&quot;:&quot;manual-endless&quot;,&quot;autoplay_stopper&quot;:false,&quot;noNavigation&quot;:false,&quot;bg_slider&quot;:false,&quot;keep_padding&quot;:false,&quot;hoverpause&quot;:false,&quot;show_slide_delay&quot;:0}\"  itemprop=\"image\" itemscope=\"itemscope\" itemtype=\"https:\/\/schema.org\/ImageObject\" ><ul class='avia-slideshow-inner ' style='padding-bottom: 21.822916666667%;'><li  class='avia-slideshow-slide av-h140y-12f3e34467af95732d3670cfa08ca916__0  av-single-slide slide-1 slide-odd'><div data-rel='slideshow-1' class='avia-slide-wrap '  title='Armin Kohl Consult Header 3' ><img decoding=\"async\" fetchpriority=\"high\" class=\"wp-image-310 avia-img-lazy-loading-not-310\"  src=\"https:\/\/armin-kohl-consult.at\/wp-content\/uploads\/2025\/12\/Header-1-5-red.jpg\" width=\"1920\" height=\"419\" title='Header-1-5-red' alt='Armin Kohl Consult Header 3'  itemprop=\"thumbnailUrl\" srcset=\"https:\/\/armin-kohl-consult.at\/wp-content\/uploads\/2025\/12\/Header-1-5-red.jpg 1920w, https:\/\/armin-kohl-consult.at\/wp-content\/uploads\/2025\/12\/Header-1-5-red-300x65.jpg 300w, https:\/\/armin-kohl-consult.at\/wp-content\/uploads\/2025\/12\/Header-1-5-red-1030x225.jpg 1030w, https:\/\/armin-kohl-consult.at\/wp-content\/uploads\/2025\/12\/Header-1-5-red-768x168.jpg 768w, https:\/\/armin-kohl-consult.at\/wp-content\/uploads\/2025\/12\/Header-1-5-red-1536x335.jpg 1536w, https:\/\/armin-kohl-consult.at\/wp-content\/uploads\/2025\/12\/Header-1-5-red-1500x327.jpg 1500w, https:\/\/armin-kohl-consult.at\/wp-content\/uploads\/2025\/12\/Header-1-5-red-705x154.jpg 705w\" sizes=\"(max-width: 1920px) 100vw, 1920px\" \/><\/div><\/li><\/ul><\/div><\/div><div id='after_full_slider_1'  class='main_color av_default_container_wrap container_wrap sidebar_right'  ><div class='container av-section-cont-open' ><div class='template-page content  av-content-small alpha units'><div class='post-entry post-entry-type-page post-entry-346'><div class='entry-content-wrapper clearfix'>\n\n<style type=\"text\/css\" data-created_by=\"avia_inline_auto\" id=\"style-css-av-17fhre-48ef689a0e62c2179fdda808b09bd187\">\n#top .flex_column.av-17fhre-48ef689a0e62c2179fdda808b09bd187{\nmargin-top:-40px;\nmargin-bottom:-40px;\n}\n.responsive #top #wrap_all .flex_column.av-17fhre-48ef689a0e62c2179fdda808b09bd187{\nmargin-top:-40px;\nmargin-bottom:-40px;\n}\n<\/style>\n<div  class='flex_column av-17fhre-48ef689a0e62c2179fdda808b09bd187 av_one_fifth  avia-builder-el-3  el_after_av_slideshow_full  el_before_av_three_fifth  avia-builder-el-first  first flex_column_div  '     ><\/div>\n\n<style type=\"text\/css\" data-created_by=\"avia_inline_auto\" id=\"style-css-av-12g6ii-1d7bea7e77abc2e235c6fa7fade8d5ba\">\n#top .flex_column.av-12g6ii-1d7bea7e77abc2e235c6fa7fade8d5ba{\nmargin-top:-40px;\nmargin-bottom:-40px;\n}\n.responsive #top #wrap_all .flex_column.av-12g6ii-1d7bea7e77abc2e235c6fa7fade8d5ba{\nmargin-top:-40px;\nmargin-bottom:-40px;\n}\n<\/style>\n<div  class='flex_column av-12g6ii-1d7bea7e77abc2e235c6fa7fade8d5ba av_three_fifth  avia-builder-el-4  el_after_av_one_fifth  el_before_av_one_fifth  flex_column_div  '     ><form action=\"https:\/\/armin-kohl-consult.at\/fr\/contact\/\" method=\"post\" data-fields-with-error=\"Erreurs trouv\u00e9es dans les champs suivants :\" class=\"avia_ajax_form av-form-labels-visible   avia-builder-el-5  avia-builder-el-no-sibling   \" data-avia-form-id=\"1\" data-avia-redirect=''  aria-label='Kontaktformular' ><h3 class=''>Envoyez-moi un email<\/h3><fieldset><p class='  first_form  form_element form_fullwidth' id='element_avia_1_1'><label for=\"avia_1_1\">Nom<\/label> <input name=\"avia_1_1\" class=\"text_input \" type=\"text\" id=\"avia_1_1\" value=\"\" \/><\/p><p class='  first_form  form_element form_fullwidth' id='element_avia_2_1'><label for=\"avia_2_1\">Email <abbr class=\"required\" title=\"requis(e)\">*<\/abbr><\/label> <input name=\"avia_2_1\" class=\"text_input is_email\" type=\"text\" id=\"avia_2_1\" value=\"\" \/><\/p><p class='  first_form  form_element form_fullwidth' id='element_avia_3_1'><label for=\"avia_3_1\">Sujet <abbr class=\"required\" title=\"requis(e)\">*<\/abbr><\/label> <input name=\"avia_3_1\" class=\"text_input is_empty\" type=\"text\" id=\"avia_3_1\" value=\"\" \/><\/p><p class='  first_form  form_element form_fullwidth av-last-visible-form-element' id='element_avia_4_1'><label for=\"avia_4_1\" class=\"textare_label hidden textare_label_avia_4_1\">Message <abbr class=\"required\" title=\"requis(e)\">*<\/abbr><\/label><textarea  name=\"avia_4_1\" class=\"text_area is_empty\" cols=\"40\" rows=\"7\" id=\"avia_4_1\" ><\/textarea><\/p><p class=\"hidden\"><input type=\"text\" name=\"avia_5_1\" class=\"hidden \" id=\"avia_5_1\" value=\"\" \/><\/p><p class=\"form_element \"><input type=\"hidden\" value=\"1\" name=\"avia_generated_form1\" \/><input type=\"submit\" value=\"Envoyer\" class=\"button\"  data-sending-label=\"Envoi\"\/><\/p><\/fieldset><\/form><div id=\"ajaxresponse_1\" class=\"ajaxresponse ajaxresponse_1 hidden\"><\/div><\/div>\n<style type=\"text\/css\" data-created_by=\"avia_inline_auto\" id=\"style-css-av-atpl6-f67990c9fe5029a49171c7a27dc92f65\">\n#top .flex_column.av-atpl6-f67990c9fe5029a49171c7a27dc92f65{\nmargin-top:-40px;\nmargin-bottom:-40px;\n}\n.responsive #top #wrap_all .flex_column.av-atpl6-f67990c9fe5029a49171c7a27dc92f65{\nmargin-top:-40px;\nmargin-bottom:-40px;\n}\n<\/style>\n<div  class='flex_column av-atpl6-f67990c9fe5029a49171c7a27dc92f65 av_one_fifth  avia-builder-el-6  el_after_av_three_fifth  avia-builder-el-last  flex_column_div  '     ><section  class='av_textblock_section av-mjfxzvu5-f799e167c46efb72f593b96c2af5c12e '   itemscope=\"itemscope\" itemtype=\"https:\/\/schema.org\/CreativeWork\" ><div class='avia_textblock'  itemprop=\"text\" ><p>ARMIN KOHL CONSULT<\/p>\n<p>Armin Kohl<br \/>\nBergstra\u00dfe 18a<\/p>\n<p>A-7571 Rudersdorf<\/p>\n<p>+43 680 2329 787\u202c<\/p>\n<\/div><\/section><\/div><\/p>\n","protected":false},"excerpt":{"rendered":"","protected":false},"author":2,"featured_media":0,"parent":0,"menu_order":0,"comment_status":"closed","ping_status":"closed","template":"","meta":{"footnotes":""},"class_list":["post-346","page","type-page","status-publish","hentry"],"yoast_head":"<!-- This site is optimized with the Yoast SEO plugin v26.8 - https:\/\/yoast.com\/product\/yoast-seo-wordpress\/ -->\n<title>Contact - Armin Kohl<\/title>\n<meta name=\"description\" content=\"Contactez Armin Kohl, expert trilingue en relations commerciales et interculturelles entre la France et l\u2019Allemagne, avec 25 ans d\u2019exp\u00e9rience pour r\u00e9soudre les probl\u00e8mes de compr\u00e9hension culturelle.\" \/>\n<meta name=\"robots\" content=\"index, follow, max-snippet:-1, max-image-preview:large, max-video-preview:-1\" \/>\n<link rel=\"canonical\" href=\"https:\/\/armin-kohl-consult.at\/fr\/contact\/\" \/>\n<meta property=\"og:locale\" content=\"fr_FR\" \/>\n<meta property=\"og:type\" content=\"article\" \/>\n<meta property=\"og:title\" content=\"Contact - Armin Kohl\" \/>\n<meta property=\"og:description\" content=\"Contactez Armin Kohl, expert trilingue en relations commerciales et interculturelles entre la France et l\u2019Allemagne, avec 25 ans d\u2019exp\u00e9rience pour r\u00e9soudre les probl\u00e8mes de compr\u00e9hension culturelle.\" \/>\n<meta property=\"og:url\" content=\"https:\/\/armin-kohl-consult.at\/fr\/contact\/\" \/>\n<meta property=\"og:site_name\" content=\"Armin Kohl\" \/>\n<meta property=\"article:modified_time\" content=\"2026-01-23T10:44:55+00:00\" \/>\n<meta name=\"twitter:card\" content=\"summary_large_image\" \/>\n<meta name=\"twitter:label1\" content=\"Dur\u00e9e de lecture estim\u00e9e\" \/>\n\t<meta name=\"twitter:data1\" content=\"1 minute\" \/>\n<script type=\"application\/ld+json\" class=\"yoast-schema-graph\">{\"@context\":\"https:\/\/schema.org\",\"@graph\":[{\"@type\":\"WebPage\",\"@id\":\"https:\/\/armin-kohl-consult.at\/fr\/contact\/\",\"url\":\"https:\/\/armin-kohl-consult.at\/fr\/contact\/\",\"name\":\"Contact - Armin Kohl\",\"isPartOf\":{\"@id\":\"https:\/\/armin-kohl-consult.at\/fr\/#website\"},\"datePublished\":\"2025-12-17T15:02:15+00:00\",\"dateModified\":\"2026-01-23T10:44:55+00:00\",\"description\":\"Contactez Armin Kohl, expert trilingue en relations commerciales et interculturelles entre la France et l\u2019Allemagne, avec 25 ans d\u2019exp\u00e9rience pour r\u00e9soudre les probl\u00e8mes de compr\u00e9hension culturelle.\",\"breadcrumb\":{\"@id\":\"https:\/\/armin-kohl-consult.at\/fr\/contact\/#breadcrumb\"},\"inLanguage\":\"fr-FR\",\"potentialAction\":[{\"@type\":\"ReadAction\",\"target\":[\"https:\/\/armin-kohl-consult.at\/fr\/contact\/\"]}]},{\"@type\":\"BreadcrumbList\",\"@id\":\"https:\/\/armin-kohl-consult.at\/fr\/contact\/#breadcrumb\",\"itemListElement\":[{\"@type\":\"ListItem\",\"position\":1,\"name\":\"Startseite\",\"item\":\"https:\/\/armin-kohl-consult.at\/fr\/armin-kohl-consultant-culture-allemande\/\"},{\"@type\":\"ListItem\",\"position\":2,\"name\":\"Contact\"}]},{\"@type\":\"WebSite\",\"@id\":\"https:\/\/armin-kohl-consult.at\/fr\/#website\",\"url\":\"https:\/\/armin-kohl-consult.at\/fr\/\",\"name\":\"Armin Kohl Consult\",\"description\":\"\",\"publisher\":{\"@id\":\"https:\/\/armin-kohl-consult.at\/fr\/#\/schema\/person\/8bded802090b1d9d5ff3b22a2696ad32\"},\"potentialAction\":[{\"@type\":\"SearchAction\",\"target\":{\"@type\":\"EntryPoint\",\"urlTemplate\":\"https:\/\/armin-kohl-consult.at\/fr\/?s={search_term_string}\"},\"query-input\":{\"@type\":\"PropertyValueSpecification\",\"valueRequired\":true,\"valueName\":\"search_term_string\"}}],\"inLanguage\":\"fr-FR\"},{\"@type\":[\"Person\",\"Organization\"],\"@id\":\"https:\/\/armin-kohl-consult.at\/fr\/#\/schema\/person\/8bded802090b1d9d5ff3b22a2696ad32\",\"name\":\"Armin Kohl\",\"image\":{\"@type\":\"ImageObject\",\"inLanguage\":\"fr-FR\",\"@id\":\"https:\/\/armin-kohl-consult.at\/fr\/#\/schema\/person\/image\/\",\"url\":\"https:\/\/armin-kohl-consult.at\/wp-content\/uploads\/2025\/11\/logo-1-1.png\",\"contentUrl\":\"https:\/\/armin-kohl-consult.at\/wp-content\/uploads\/2025\/11\/logo-1-1.png\",\"width\":447,\"height\":222,\"caption\":\"Armin Kohl\"},\"logo\":{\"@id\":\"https:\/\/armin-kohl-consult.at\/fr\/#\/schema\/person\/image\/\"}}]}<\/script>\n<!-- \/ Yoast SEO plugin. -->","yoast_head_json":{"title":"Contact - Armin Kohl","description":"Contactez Armin Kohl, expert trilingue en relations commerciales et interculturelles entre la France et l\u2019Allemagne, avec 25 ans d\u2019exp\u00e9rience pour r\u00e9soudre les probl\u00e8mes de compr\u00e9hension culturelle.","robots":{"index":"index","follow":"follow","max-snippet":"max-snippet:-1","max-image-preview":"max-image-preview:large","max-video-preview":"max-video-preview:-1"},"canonical":"https:\/\/armin-kohl-consult.at\/fr\/contact\/","og_locale":"fr_FR","og_type":"article","og_title":"Contact - Armin Kohl","og_description":"Contactez Armin Kohl, expert trilingue en relations commerciales et interculturelles entre la France et l\u2019Allemagne, avec 25 ans d\u2019exp\u00e9rience pour r\u00e9soudre les probl\u00e8mes de compr\u00e9hension culturelle.","og_url":"https:\/\/armin-kohl-consult.at\/fr\/contact\/","og_site_name":"Armin Kohl","article_modified_time":"2026-01-23T10:44:55+00:00","twitter_card":"summary_large_image","twitter_misc":{"Dur\u00e9e de lecture estim\u00e9e":"1 minute"},"schema":{"@context":"https:\/\/schema.org","@graph":[{"@type":"WebPage","@id":"https:\/\/armin-kohl-consult.at\/fr\/contact\/","url":"https:\/\/armin-kohl-consult.at\/fr\/contact\/","name":"Contact - Armin Kohl","isPartOf":{"@id":"https:\/\/armin-kohl-consult.at\/fr\/#website"},"datePublished":"2025-12-17T15:02:15+00:00","dateModified":"2026-01-23T10:44:55+00:00","description":"Contactez Armin Kohl, expert trilingue en relations commerciales et interculturelles entre la France et l\u2019Allemagne, avec 25 ans d\u2019exp\u00e9rience pour r\u00e9soudre les probl\u00e8mes de compr\u00e9hension culturelle.","breadcrumb":{"@id":"https:\/\/armin-kohl-consult.at\/fr\/contact\/#breadcrumb"},"inLanguage":"fr-FR","potentialAction":[{"@type":"ReadAction","target":["https:\/\/armin-kohl-consult.at\/fr\/contact\/"]}]},{"@type":"BreadcrumbList","@id":"https:\/\/armin-kohl-consult.at\/fr\/contact\/#breadcrumb","itemListElement":[{"@type":"ListItem","position":1,"name":"Startseite","item":"https:\/\/armin-kohl-consult.at\/fr\/armin-kohl-consultant-culture-allemande\/"},{"@type":"ListItem","position":2,"name":"Contact"}]},{"@type":"WebSite","@id":"https:\/\/armin-kohl-consult.at\/fr\/#website","url":"https:\/\/armin-kohl-consult.at\/fr\/","name":"Armin Kohl Consult","description":"","publisher":{"@id":"https:\/\/armin-kohl-consult.at\/fr\/#\/schema\/person\/8bded802090b1d9d5ff3b22a2696ad32"},"potentialAction":[{"@type":"SearchAction","target":{"@type":"EntryPoint","urlTemplate":"https:\/\/armin-kohl-consult.at\/fr\/?s={search_term_string}"},"query-input":{"@type":"PropertyValueSpecification","valueRequired":true,"valueName":"search_term_string"}}],"inLanguage":"fr-FR"},{"@type":["Person","Organization"],"@id":"https:\/\/armin-kohl-consult.at\/fr\/#\/schema\/person\/8bded802090b1d9d5ff3b22a2696ad32","name":"Armin Kohl","image":{"@type":"ImageObject","inLanguage":"fr-FR","@id":"https:\/\/armin-kohl-consult.at\/fr\/#\/schema\/person\/image\/","url":"https:\/\/armin-kohl-consult.at\/wp-content\/uploads\/2025\/11\/logo-1-1.png","contentUrl":"https:\/\/armin-kohl-consult.at\/wp-content\/uploads\/2025\/11\/logo-1-1.png","width":447,"height":222,"caption":"Armin Kohl"},"logo":{"@id":"https:\/\/armin-kohl-consult.at\/fr\/#\/schema\/person\/image\/"}}]}},"_links":{"self":[{"href":"https:\/\/armin-kohl-consult.at\/fr\/wp-json\/wp\/v2\/pages\/346","targetHints":{"allow":["GET"]}}],"collection":[{"href":"https:\/\/armin-kohl-consult.at\/fr\/wp-json\/wp\/v2\/pages"}],"about":[{"href":"https:\/\/armin-kohl-consult.at\/fr\/wp-json\/wp\/v2\/types\/page"}],"author":[{"embeddable":true,"href":"https:\/\/armin-kohl-consult.at\/fr\/wp-json\/wp\/v2\/users\/2"}],"replies":[{"embeddable":true,"href":"https:\/\/armin-kohl-consult.at\/fr\/wp-json\/wp\/v2\/comments?post=346"}],"version-history":[{"count":13,"href":"https:\/\/armin-kohl-consult.at\/fr\/wp-json\/wp\/v2\/pages\/346\/revisions"}],"predecessor-version":[{"id":548,"href":"https:\/\/armin-kohl-consult.at\/fr\/wp-json\/wp\/v2\/pages\/346\/revisions\/548"}],"wp:attachment":[{"href":"https:\/\/armin-kohl-consult.at\/fr\/wp-json\/wp\/v2\/media?parent=346"}],"curies":[{"name":"wp","href":"https:\/\/api.w.org\/{rel}","templated":true}]}}