{"id":321,"date":"2025-11-05T17:53:24","date_gmt":"2025-11-05T16:53:24","guid":{"rendered":"https:\/\/armin-kohl-consult.at\/?page_id=321"},"modified":"2026-01-13T11:40:24","modified_gmt":"2026-01-13T10:40:24","slug":"cv-kohl-consultant-expert-culture-allemande","status":"publish","type":"page","link":"https:\/\/armin-kohl-consult.at\/fr\/cv-kohl-consultant-expert-culture-allemande\/","title":{"rendered":"\u00c0 Propos"},"content":{"rendered":"\n<style type=\"text\/css\" data-created_by=\"avia_inline_auto\" id=\"style-css-av-jj049-3bab246f032a4cd1372c6caff38ed8d4\">\n#top .flex_column.av-jj049-3bab246f032a4cd1372c6caff38ed8d4{\nmargin-top:0px;\nmargin-bottom:-100px;\n}\n.responsive #top #wrap_all .flex_column.av-jj049-3bab246f032a4cd1372c6caff38ed8d4{\nmargin-top:0px;\nmargin-bottom:-100px;\n}\n\n@media only screen and (max-width: 479px){ \n#top .flex_column.av-jj049-3bab246f032a4cd1372c6caff38ed8d4{\nmargin-bottom:-100px;\n}\n.responsive #top #wrap_all .flex_column.av-jj049-3bab246f032a4cd1372c6caff38ed8d4{\nmargin-bottom:-100px;\n}\n}\n<\/style>\n<div  class='flex_column av-jj049-3bab246f032a4cd1372c6caff38ed8d4 av_one_full  avia-builder-el-0  el_before_av_slideshow_full  avia-builder-el-no-sibling  first flex_column_div  '     ><style type=\"text\/css\" data-created_by=\"avia_inline_auto\" id=\"style-css-av-mjfuq0ri-3b805af72cc778691d45db0dd892066e\">\n#top .av-special-heading.av-mjfuq0ri-3b805af72cc778691d45db0dd892066e{\npadding-bottom:10px;\ncolor:#ffffff;\n}\nbody .av-special-heading.av-mjfuq0ri-3b805af72cc778691d45db0dd892066e .av-special-heading-tag .heading-char{\nfont-size:25px;\n}\n.av-special-heading.av-mjfuq0ri-3b805af72cc778691d45db0dd892066e .special-heading-inner-border{\nborder-color:#ffffff;\n}\n.av-special-heading.av-mjfuq0ri-3b805af72cc778691d45db0dd892066e .av-subheading{\nfont-size:15px;\n}\n<\/style>\n<div  class='av-special-heading av-mjfuq0ri-3b805af72cc778691d45db0dd892066e av-special-heading-h1 custom-color-heading blockquote modern-quote  avia-builder-el-1  avia-builder-el-no-sibling '><h1 class='av-special-heading-tag '  itemprop=\"headline\"  >\u00c0 Propos<\/h1><div class=\"special-heading-border\"><div class=\"special-heading-inner-border\"><\/div><\/div><\/div><\/div>\n<\/div><\/div><\/div><!-- close content main div --><\/div><\/div><div id='full_slider_1'  class='avia-fullwidth-slider main_color avia-shadow   avia-builder-el-2  el_after_av_one_full  el_before_av_one_fifth   slider-not-first container_wrap sidebar_right'  ><div  class='avia-slideshow av-d3ddt-b480cfa2ccb3e4b66354c29eb38b369f avia-slideshow-no scaling av_slideshow_full avia-slide-slider av-slideshow-ui av-control-default av-slideshow-manual av-loop-once av-loop-manual-endless av-default-height-applied   avia-slideshow-1' data-slideshow-options=\"{&quot;animation&quot;:&quot;slide&quot;,&quot;autoplay&quot;:false,&quot;loop_autoplay&quot;:&quot;once&quot;,&quot;interval&quot;:5,&quot;loop_manual&quot;:&quot;manual-endless&quot;,&quot;autoplay_stopper&quot;:false,&quot;noNavigation&quot;:false,&quot;bg_slider&quot;:false,&quot;keep_padding&quot;:false,&quot;hoverpause&quot;:false,&quot;show_slide_delay&quot;:0}\"  itemprop=\"image\" itemscope=\"itemscope\" itemtype=\"https:\/\/schema.org\/ImageObject\" ><ul class='avia-slideshow-inner ' style='padding-bottom: 21.822916666667%;'><li  class='avia-slideshow-slide av-d3ddt-b480cfa2ccb3e4b66354c29eb38b369f__0  av-single-slide slide-1 slide-odd'><div data-rel='slideshow-1' class='avia-slide-wrap '  title='Armin Kohl Consult Header 3' ><img decoding=\"async\" fetchpriority=\"high\" class=\"wp-image-310 avia-img-lazy-loading-not-310\"  src=\"https:\/\/armin-kohl-consult.at\/wp-content\/uploads\/2025\/12\/Header-1-5-red.jpg\" width=\"1920\" height=\"419\" title='Header-1-5-red' alt='Armin Kohl Consult Header 3'  itemprop=\"thumbnailUrl\" srcset=\"https:\/\/armin-kohl-consult.at\/wp-content\/uploads\/2025\/12\/Header-1-5-red.jpg 1920w, https:\/\/armin-kohl-consult.at\/wp-content\/uploads\/2025\/12\/Header-1-5-red-300x65.jpg 300w, https:\/\/armin-kohl-consult.at\/wp-content\/uploads\/2025\/12\/Header-1-5-red-1030x225.jpg 1030w, https:\/\/armin-kohl-consult.at\/wp-content\/uploads\/2025\/12\/Header-1-5-red-768x168.jpg 768w, https:\/\/armin-kohl-consult.at\/wp-content\/uploads\/2025\/12\/Header-1-5-red-1536x335.jpg 1536w, https:\/\/armin-kohl-consult.at\/wp-content\/uploads\/2025\/12\/Header-1-5-red-1500x327.jpg 1500w, https:\/\/armin-kohl-consult.at\/wp-content\/uploads\/2025\/12\/Header-1-5-red-705x154.jpg 705w\" sizes=\"(max-width: 1920px) 100vw, 1920px\" \/><\/div><\/li><\/ul><\/div><\/div><div id='after_full_slider_1'  class='main_color av_default_container_wrap container_wrap sidebar_right'  ><div class='container av-section-cont-open' ><div class='template-page content  av-content-small alpha units'><div class='post-entry post-entry-type-page post-entry-321'><div class='entry-content-wrapper clearfix'>\n\n<style type=\"text\/css\" data-created_by=\"avia_inline_auto\" id=\"style-css-av-1eyfll-808a292aa5a75280c31eb88190d4d2b5\">\n#top .flex_column.av-1eyfll-808a292aa5a75280c31eb88190d4d2b5{\nmargin-top:-40px;\nmargin-bottom:-40px;\n}\n.responsive #top #wrap_all .flex_column.av-1eyfll-808a292aa5a75280c31eb88190d4d2b5{\nmargin-top:-40px;\nmargin-bottom:-40px;\n}\n<\/style>\n<div  class='flex_column av-1eyfll-808a292aa5a75280c31eb88190d4d2b5 av_one_fifth  avia-builder-el-3  el_after_av_slideshow_full  el_before_av_four_fifth  avia-builder-el-first  first flex_column_div  '     ><\/div>\n\n<style type=\"text\/css\" data-created_by=\"avia_inline_auto\" id=\"style-css-av-19s2ht-3a3c4c91d16c46ec74e0b583d01d29e3\">\n#top .flex_column.av-19s2ht-3a3c4c91d16c46ec74e0b583d01d29e3{\nmargin-top:-40px;\nmargin-bottom:-40px;\n}\n.flex_column.av-19s2ht-3a3c4c91d16c46ec74e0b583d01d29e3{\npadding:15px 15px 15px 15px;\n}\n.responsive #top #wrap_all .flex_column.av-19s2ht-3a3c4c91d16c46ec74e0b583d01d29e3{\nmargin-top:-40px;\nmargin-bottom:-40px;\n}\n<\/style>\n<div  class='flex_column av-19s2ht-3a3c4c91d16c46ec74e0b583d01d29e3 av_four_fifth  avia-builder-el-4  el_after_av_one_fifth  el_before_av_one_fifth  flex_column_div av-animated-generic fade-in  '     ><style type=\"text\/css\" data-created_by=\"avia_inline_auto\" id=\"style-css-av-mjfut9zl-c3a457676660ec4aadfd4586e5de0caf\">\n#top .av-special-heading.av-mjfut9zl-c3a457676660ec4aadfd4586e5de0caf{\npadding-bottom:10px;\ncolor:#ffffff;\n}\nbody .av-special-heading.av-mjfut9zl-c3a457676660ec4aadfd4586e5de0caf .av-special-heading-tag .heading-char{\nfont-size:25px;\n}\n.av-special-heading.av-mjfut9zl-c3a457676660ec4aadfd4586e5de0caf .special-heading-inner-border{\nborder-color:#ffffff;\n}\n.av-special-heading.av-mjfut9zl-c3a457676660ec4aadfd4586e5de0caf .av-subheading{\nfont-size:15px;\n}\n<\/style>\n<div  class='av-special-heading av-mjfut9zl-c3a457676660ec4aadfd4586e5de0caf av-special-heading-h1 custom-color-heading blockquote modern-quote  avia-builder-el-5  avia-builder-el-no-sibling '><h1 class='av-special-heading-tag '  itemprop=\"headline\"  >L\u2019harmonie plut\u00f4t que les tensions \u2013 le succ\u00e8s plut\u00f4t que les conflits<\/h1><div class=\"special-heading-border\"><div class=\"special-heading-inner-border\"><\/div><\/div><\/div><\/div>\n\n<style type=\"text\/css\" data-created_by=\"avia_inline_auto\" id=\"style-css-av-12uo3l-4d6b3cfb62db8502f5cc087db7c670e4\">\n#top .flex_column.av-12uo3l-4d6b3cfb62db8502f5cc087db7c670e4{\nmargin-top:0px;\nmargin-bottom:0px;\n}\n.responsive #top #wrap_all .flex_column.av-12uo3l-4d6b3cfb62db8502f5cc087db7c670e4{\nmargin-top:0px;\nmargin-bottom:0px;\n}\n<\/style>\n<div  class='flex_column av-12uo3l-4d6b3cfb62db8502f5cc087db7c670e4 av_one_fifth  avia-builder-el-6  el_after_av_four_fifth  el_before_av_two_fifth  first flex_column_div  '     ><\/div>\n\n<style type=\"text\/css\" data-created_by=\"avia_inline_auto\" id=\"style-css-av-yjljd-c4965e41f239bba48f8982b9179fea1c\">\n#top .flex_column.av-yjljd-c4965e41f239bba48f8982b9179fea1c{\nmargin-top:0px;\nmargin-bottom:0px;\n}\n.flex_column.av-yjljd-c4965e41f239bba48f8982b9179fea1c{\npadding:15px 15px 15px 15px;\n}\n.responsive #top #wrap_all .flex_column.av-yjljd-c4965e41f239bba48f8982b9179fea1c{\nmargin-top:0px;\nmargin-bottom:0px;\n}\n<\/style>\n<div  class='flex_column av-yjljd-c4965e41f239bba48f8982b9179fea1c av_two_fifth  avia-builder-el-7  el_after_av_one_fifth  el_before_av_two_fifth  flex_column_div av-animated-generic fade-in  '     ><p><section  class='av_textblock_section av-mjfxkcb1-d2c3345377d3d2b9920919a05938cb80 '   itemscope=\"itemscope\" itemtype=\"https:\/\/schema.org\/CreativeWork\" ><div class='avia_textblock'  itemprop=\"text\" ><p><b>Armin Kohl \u2013 \u00e0 propos<\/b><\/p>\n<p style=\"padding-left: 25px;\">D\u00e9couvrez Armin Kohl : expert interculturel avec 25 ans d\u2019exp\u00e9rience internationale. Il accompagne les professionnels dans la r\u00e9ussite de collaborations entre entreprises autrichiennes\/ allemandes et fran\u00e7aises.<\/p>\n<p style=\"padding-left: 25px;\">L&rsquo;objectif est d&rsquo;aider les professionnels \u00e0 r\u00e9ussir dans leur travail quotidien avec la culture (d&rsquo;entreprise) fran\u00e7aise.<\/p>\n<p style=\"padding-left: 25px;\">\u00ab\u00a0Dans cet esprit, je me r\u00e9jouis de travailler avec vous et de cr\u00e9er de bonnes relations entre les entreprises germanophones et fran\u00e7aises !\u00a0\u00bb<\/p>\n<p style=\"padding-left: 40px;\">Chronologie en bref :<\/p>\n<ul>\n<li>N\u00e9 en 1966 \u00e0 Vienne, grandi en Basse-Autriche.<\/li>\n<li>\u00c9tudes de sciences \u00e9conomiques \u00e0 Vienne, avec le fran\u00e7ais et l&rsquo;anglais comme langues \u00e9trang\u00e8res.<\/li>\n<li>Jusqu&rsquo;en 2001 \u00e0 Vienne, ERSTE Bank, BEKO \u2013 recrutement en informatique, Admiral Sportwetten.<\/li>\n<li>De 2001 \u00e0 2006 \u00e0 Paris, Faurecia \u2013 Automobile<\/li>\n<li>En 2005, un an aux \u00c9tats-Unis, d\u00e9marrage de la production dans l&rsquo;usine automobile de Cleveland MS<\/li>\n<li>En 2007, un an en Australie, restauration NSW<\/li>\n<li>De 2008 \u00e0 2014 en Allemagne, France, consultant, entre autres pour Mahle, BMW, Alstom<\/li>\n<li>De 2014 \u00e0 2024, ind\u00e9pendant \u00e0 Vienne en tant que peintre et sculpteur<\/li>\n<li>\u00c0 partir de 2024, travail \u00e0 G\u00fcssing dans la distribution avec des clients fran\u00e7ais et anglais, Guttomat Garagentore<\/li>\n<\/ul>\n<\/div><\/section><br \/>\n\n<style type=\"text\/css\" data-created_by=\"avia_inline_auto\" id=\"style-css-av-tdcah-5c7df60d52c200723a3ec7390f939a6e\">\n#top .hr.hr-invisible.av-tdcah-5c7df60d52c200723a3ec7390f939a6e{\nheight:30px;\n}\n<\/style>\n<div  class='hr av-tdcah-5c7df60d52c200723a3ec7390f939a6e hr-invisible  avia-builder-el-9  el_after_av_textblock  el_before_av_textblock '><span class='hr-inner '><span class=\"hr-inner-style\"><\/span><\/span><\/div><br \/>\n<section  class='av_textblock_section av-mjfuw1y9-f821059f9c7b934db27ba46895fb0bc7 '   itemscope=\"itemscope\" itemtype=\"https:\/\/schema.org\/CreativeWork\" ><div class='avia_textblock'  itemprop=\"text\" ><h4>Mes services vous int\u00e9ressent ?<\/h4>\n<h4>Acc\u00e9dez au formulaire de contact en un seul clic.<\/h4>\n<\/div><\/section><br \/>\n\n<style type=\"text\/css\" data-created_by=\"avia_inline_auto\" id=\"style-css-av-n8krd-280f6f57e7e2c88cad00983927fd8db8\">\n#top .hr.hr-invisible.av-n8krd-280f6f57e7e2c88cad00983927fd8db8{\nheight:30px;\n}\n<\/style>\n<div  class='hr av-n8krd-280f6f57e7e2c88cad00983927fd8db8 hr-invisible  avia-builder-el-11  el_after_av_textblock  el_before_av_button '><span class='hr-inner '><span class=\"hr-inner-style\"><\/span><\/span><\/div><br \/>\n<div  class='avia-button-wrap av-mjfuwh1r-6177a72144feac370d77c8e67cbcee71-wrap avia_animated_button av-animated-when-visible-95 fade-in avia-button-left  avia-builder-el-12  el_after_av_hr  avia-builder-el-last '><a href='https:\/\/armin-kohl-consult.at\/fr\/contact\/'  class='avia-button av-mjfuwh1r-6177a72144feac370d77c8e67cbcee71 av-link-btn avia-icon_select-no avia-size-x-large avia-position-left avia-color-theme-color'   aria-label=\"Cliquez ici !\"><span class='avia_iconbox_title' >Cliquez ici !<\/span><\/a><\/div><\/p><\/div>\n<style type=\"text\/css\" data-created_by=\"avia_inline_auto\" id=\"style-css-av-eppox-34182a1e8da1e4505237f2eb627d30de\">\n#top .flex_column.av-eppox-34182a1e8da1e4505237f2eb627d30de{\nmargin-top:0px;\nmargin-bottom:0px;\n}\n.flex_column.av-eppox-34182a1e8da1e4505237f2eb627d30de{\npadding:100px 15px 15px 15px;\n}\n.responsive #top #wrap_all .flex_column.av-eppox-34182a1e8da1e4505237f2eb627d30de{\nmargin-top:0px;\nmargin-bottom:0px;\n}\n<\/style>\n<div  class='flex_column av-eppox-34182a1e8da1e4505237f2eb627d30de av_two_fifth  avia-builder-el-13  el_after_av_two_fifth  avia-builder-el-last  flex_column_div av-animated-generic fade-in  '     ><style type=\"text\/css\" data-created_by=\"avia_inline_auto\" id=\"style-css-av-a3zn5-727a4a96a794cd075efda75edceedf50\">\n.avia-image-container.av-a3zn5-727a4a96a794cd075efda75edceedf50 img.avia_image{\nbox-shadow:none;\n}\n.avia-image-container.av-a3zn5-727a4a96a794cd075efda75edceedf50 .av-image-caption-overlay-center{\ncolor:#ffffff;\n}\n<\/style>\n<div  class='avia-image-container av-a3zn5-727a4a96a794cd075efda75edceedf50 av-styling- avia-align-center  avia-builder-el-14  avia-builder-el-no-sibling '   itemprop=\"image\" itemscope=\"itemscope\" itemtype=\"https:\/\/schema.org\/ImageObject\" ><div class=\"avia-image-container-inner\"><div class=\"avia-image-overlay-wrap\"><img decoding=\"async\" fetchpriority=\"high\" class='wp-image-322 avia-img-lazy-loading-not-322 avia_image ' src=\"https:\/\/armin-kohl-consult.at\/wp-content\/uploads\/2025\/11\/Armin-Kohl-1.jpg\" alt='Armin Kohl Consult' title='OLYMPUS DIGITAL CAMERA'  height=\"1280\" width=\"1280\"  itemprop=\"thumbnailUrl\" srcset=\"https:\/\/armin-kohl-consult.at\/wp-content\/uploads\/2025\/11\/Armin-Kohl-1.jpg 1280w, https:\/\/armin-kohl-consult.at\/wp-content\/uploads\/2025\/11\/Armin-Kohl-1-300x300.jpg 300w, https:\/\/armin-kohl-consult.at\/wp-content\/uploads\/2025\/11\/Armin-Kohl-1-1030x1030.jpg 1030w, https:\/\/armin-kohl-consult.at\/wp-content\/uploads\/2025\/11\/Armin-Kohl-1-80x80.jpg 80w, https:\/\/armin-kohl-consult.at\/wp-content\/uploads\/2025\/11\/Armin-Kohl-1-768x768.jpg 768w, https:\/\/armin-kohl-consult.at\/wp-content\/uploads\/2025\/11\/Armin-Kohl-1-36x36.jpg 36w, https:\/\/armin-kohl-consult.at\/wp-content\/uploads\/2025\/11\/Armin-Kohl-1-180x180.jpg 180w, https:\/\/armin-kohl-consult.at\/wp-content\/uploads\/2025\/11\/Armin-Kohl-1-705x705.jpg 705w\" sizes=\"(max-width: 1280px) 100vw, 1280px\" \/><\/div><\/div><\/div><\/div><\/p>\n","protected":false},"excerpt":{"rendered":"","protected":false},"author":2,"featured_media":0,"parent":0,"menu_order":0,"comment_status":"closed","ping_status":"closed","template":"","meta":{"footnotes":""},"class_list":["post-321","page","type-page","status-publish","hentry"],"yoast_head":"<!-- This site is optimized with the Yoast SEO plugin v26.8 - https:\/\/yoast.com\/product\/yoast-seo-wordpress\/ -->\n<title>\u00c0 Propos - Armin Kohl<\/title>\n<meta name=\"description\" content=\"D\u00e9couvrez Armin Kohl : expert interculturel avec 25 ans d\u2019exp\u00e9rience internationale. Il accompagne les professionnels dans la r\u00e9ussite de collaborations entre entreprises autrichiennes et fran\u00e7aises.\" \/>\n<meta name=\"robots\" content=\"index, follow, max-snippet:-1, max-image-preview:large, max-video-preview:-1\" \/>\n<link rel=\"canonical\" href=\"https:\/\/armin-kohl-consult.at\/fr\/cv-kohl-consultant-expert-culture-allemande\/\" \/>\n<meta property=\"og:locale\" content=\"fr_FR\" \/>\n<meta property=\"og:type\" content=\"article\" \/>\n<meta property=\"og:title\" content=\"\u00c0 Propos - Armin Kohl\" \/>\n<meta property=\"og:description\" content=\"D\u00e9couvrez Armin Kohl : expert interculturel avec 25 ans d\u2019exp\u00e9rience internationale. Il accompagne les professionnels dans la r\u00e9ussite de collaborations entre entreprises autrichiennes et fran\u00e7aises.\" \/>\n<meta property=\"og:url\" content=\"https:\/\/armin-kohl-consult.at\/fr\/cv-kohl-consultant-expert-culture-allemande\/\" \/>\n<meta property=\"og:site_name\" content=\"Armin Kohl\" \/>\n<meta property=\"article:modified_time\" content=\"2026-01-13T10:40:24+00:00\" \/>\n<meta name=\"twitter:card\" content=\"summary_large_image\" \/>\n<meta name=\"twitter:label1\" content=\"Dur\u00e9e de lecture estim\u00e9e\" \/>\n\t<meta name=\"twitter:data1\" content=\"2 minutes\" \/>\n<script type=\"application\/ld+json\" class=\"yoast-schema-graph\">{\"@context\":\"https:\/\/schema.org\",\"@graph\":[{\"@type\":\"WebPage\",\"@id\":\"https:\/\/armin-kohl-consult.at\/fr\/cv-kohl-consultant-expert-culture-allemande\/\",\"url\":\"https:\/\/armin-kohl-consult.at\/fr\/cv-kohl-consultant-expert-culture-allemande\/\",\"name\":\"\u00c0 Propos - Armin Kohl\",\"isPartOf\":{\"@id\":\"https:\/\/armin-kohl-consult.at\/fr\/#website\"},\"datePublished\":\"2025-11-05T16:53:24+00:00\",\"dateModified\":\"2026-01-13T10:40:24+00:00\",\"description\":\"D\u00e9couvrez Armin Kohl : expert interculturel avec 25 ans d\u2019exp\u00e9rience internationale. Il accompagne les professionnels dans la r\u00e9ussite de collaborations entre entreprises autrichiennes et fran\u00e7aises.\",\"breadcrumb\":{\"@id\":\"https:\/\/armin-kohl-consult.at\/fr\/cv-kohl-consultant-expert-culture-allemande\/#breadcrumb\"},\"inLanguage\":\"fr-FR\",\"potentialAction\":[{\"@type\":\"ReadAction\",\"target\":[\"https:\/\/armin-kohl-consult.at\/fr\/cv-kohl-consultant-expert-culture-allemande\/\"]}]},{\"@type\":\"BreadcrumbList\",\"@id\":\"https:\/\/armin-kohl-consult.at\/fr\/cv-kohl-consultant-expert-culture-allemande\/#breadcrumb\",\"itemListElement\":[{\"@type\":\"ListItem\",\"position\":1,\"name\":\"Startseite\",\"item\":\"https:\/\/armin-kohl-consult.at\/fr\/armin-kohl-consultant-culture-allemande\/\"},{\"@type\":\"ListItem\",\"position\":2,\"name\":\"\u00c0 Propos\"}]},{\"@type\":\"WebSite\",\"@id\":\"https:\/\/armin-kohl-consult.at\/fr\/#website\",\"url\":\"https:\/\/armin-kohl-consult.at\/fr\/\",\"name\":\"Armin Kohl Consult\",\"description\":\"\",\"publisher\":{\"@id\":\"https:\/\/armin-kohl-consult.at\/fr\/#\/schema\/person\/8bded802090b1d9d5ff3b22a2696ad32\"},\"potentialAction\":[{\"@type\":\"SearchAction\",\"target\":{\"@type\":\"EntryPoint\",\"urlTemplate\":\"https:\/\/armin-kohl-consult.at\/fr\/?s={search_term_string}\"},\"query-input\":{\"@type\":\"PropertyValueSpecification\",\"valueRequired\":true,\"valueName\":\"search_term_string\"}}],\"inLanguage\":\"fr-FR\"},{\"@type\":[\"Person\",\"Organization\"],\"@id\":\"https:\/\/armin-kohl-consult.at\/fr\/#\/schema\/person\/8bded802090b1d9d5ff3b22a2696ad32\",\"name\":\"Armin Kohl\",\"image\":{\"@type\":\"ImageObject\",\"inLanguage\":\"fr-FR\",\"@id\":\"https:\/\/armin-kohl-consult.at\/fr\/#\/schema\/person\/image\/\",\"url\":\"https:\/\/armin-kohl-consult.at\/wp-content\/uploads\/2025\/11\/logo-1-1.png\",\"contentUrl\":\"https:\/\/armin-kohl-consult.at\/wp-content\/uploads\/2025\/11\/logo-1-1.png\",\"width\":447,\"height\":222,\"caption\":\"Armin Kohl\"},\"logo\":{\"@id\":\"https:\/\/armin-kohl-consult.at\/fr\/#\/schema\/person\/image\/\"}}]}<\/script>\n<!-- \/ Yoast SEO plugin. -->","yoast_head_json":{"title":"\u00c0 Propos - Armin Kohl","description":"D\u00e9couvrez Armin Kohl : expert interculturel avec 25 ans d\u2019exp\u00e9rience internationale. Il accompagne les professionnels dans la r\u00e9ussite de collaborations entre entreprises autrichiennes et fran\u00e7aises.","robots":{"index":"index","follow":"follow","max-snippet":"max-snippet:-1","max-image-preview":"max-image-preview:large","max-video-preview":"max-video-preview:-1"},"canonical":"https:\/\/armin-kohl-consult.at\/fr\/cv-kohl-consultant-expert-culture-allemande\/","og_locale":"fr_FR","og_type":"article","og_title":"\u00c0 Propos - Armin Kohl","og_description":"D\u00e9couvrez Armin Kohl : expert interculturel avec 25 ans d\u2019exp\u00e9rience internationale. Il accompagne les professionnels dans la r\u00e9ussite de collaborations entre entreprises autrichiennes et fran\u00e7aises.","og_url":"https:\/\/armin-kohl-consult.at\/fr\/cv-kohl-consultant-expert-culture-allemande\/","og_site_name":"Armin Kohl","article_modified_time":"2026-01-13T10:40:24+00:00","twitter_card":"summary_large_image","twitter_misc":{"Dur\u00e9e de lecture estim\u00e9e":"2 minutes"},"schema":{"@context":"https:\/\/schema.org","@graph":[{"@type":"WebPage","@id":"https:\/\/armin-kohl-consult.at\/fr\/cv-kohl-consultant-expert-culture-allemande\/","url":"https:\/\/armin-kohl-consult.at\/fr\/cv-kohl-consultant-expert-culture-allemande\/","name":"\u00c0 Propos - Armin Kohl","isPartOf":{"@id":"https:\/\/armin-kohl-consult.at\/fr\/#website"},"datePublished":"2025-11-05T16:53:24+00:00","dateModified":"2026-01-13T10:40:24+00:00","description":"D\u00e9couvrez Armin Kohl : expert interculturel avec 25 ans d\u2019exp\u00e9rience internationale. Il accompagne les professionnels dans la r\u00e9ussite de collaborations entre entreprises autrichiennes et fran\u00e7aises.","breadcrumb":{"@id":"https:\/\/armin-kohl-consult.at\/fr\/cv-kohl-consultant-expert-culture-allemande\/#breadcrumb"},"inLanguage":"fr-FR","potentialAction":[{"@type":"ReadAction","target":["https:\/\/armin-kohl-consult.at\/fr\/cv-kohl-consultant-expert-culture-allemande\/"]}]},{"@type":"BreadcrumbList","@id":"https:\/\/armin-kohl-consult.at\/fr\/cv-kohl-consultant-expert-culture-allemande\/#breadcrumb","itemListElement":[{"@type":"ListItem","position":1,"name":"Startseite","item":"https:\/\/armin-kohl-consult.at\/fr\/armin-kohl-consultant-culture-allemande\/"},{"@type":"ListItem","position":2,"name":"\u00c0 Propos"}]},{"@type":"WebSite","@id":"https:\/\/armin-kohl-consult.at\/fr\/#website","url":"https:\/\/armin-kohl-consult.at\/fr\/","name":"Armin Kohl Consult","description":"","publisher":{"@id":"https:\/\/armin-kohl-consult.at\/fr\/#\/schema\/person\/8bded802090b1d9d5ff3b22a2696ad32"},"potentialAction":[{"@type":"SearchAction","target":{"@type":"EntryPoint","urlTemplate":"https:\/\/armin-kohl-consult.at\/fr\/?s={search_term_string}"},"query-input":{"@type":"PropertyValueSpecification","valueRequired":true,"valueName":"search_term_string"}}],"inLanguage":"fr-FR"},{"@type":["Person","Organization"],"@id":"https:\/\/armin-kohl-consult.at\/fr\/#\/schema\/person\/8bded802090b1d9d5ff3b22a2696ad32","name":"Armin Kohl","image":{"@type":"ImageObject","inLanguage":"fr-FR","@id":"https:\/\/armin-kohl-consult.at\/fr\/#\/schema\/person\/image\/","url":"https:\/\/armin-kohl-consult.at\/wp-content\/uploads\/2025\/11\/logo-1-1.png","contentUrl":"https:\/\/armin-kohl-consult.at\/wp-content\/uploads\/2025\/11\/logo-1-1.png","width":447,"height":222,"caption":"Armin Kohl"},"logo":{"@id":"https:\/\/armin-kohl-consult.at\/fr\/#\/schema\/person\/image\/"}}]}},"_links":{"self":[{"href":"https:\/\/armin-kohl-consult.at\/fr\/wp-json\/wp\/v2\/pages\/321","targetHints":{"allow":["GET"]}}],"collection":[{"href":"https:\/\/armin-kohl-consult.at\/fr\/wp-json\/wp\/v2\/pages"}],"about":[{"href":"https:\/\/armin-kohl-consult.at\/fr\/wp-json\/wp\/v2\/types\/page"}],"author":[{"embeddable":true,"href":"https:\/\/armin-kohl-consult.at\/fr\/wp-json\/wp\/v2\/users\/2"}],"replies":[{"embeddable":true,"href":"https:\/\/armin-kohl-consult.at\/fr\/wp-json\/wp\/v2\/comments?post=321"}],"version-history":[{"count":12,"href":"https:\/\/armin-kohl-consult.at\/fr\/wp-json\/wp\/v2\/pages\/321\/revisions"}],"predecessor-version":[{"id":482,"href":"https:\/\/armin-kohl-consult.at\/fr\/wp-json\/wp\/v2\/pages\/321\/revisions\/482"}],"wp:attachment":[{"href":"https:\/\/armin-kohl-consult.at\/fr\/wp-json\/wp\/v2\/media?parent=321"}],"curies":[{"name":"wp","href":"https:\/\/api.w.org\/{rel}","templated":true}]}}