{"id":284,"date":"2025-10-31T17:40:47","date_gmt":"2025-10-31T16:40:47","guid":{"rendered":"https:\/\/armin-kohl-consult.at\/?page_id=284"},"modified":"2026-01-21T18:35:12","modified_gmt":"2026-01-21T17:35:12","slug":"armin-kohl-consultant-culture-allemande","status":"publish","type":"page","link":"https:\/\/armin-kohl-consult.at\/fr\/","title":{"rendered":"Page d\u2019accueil"},"content":{"rendered":"<div id='full_slider_1'  class='avia-fullwidth-slider main_color avia-shadow av-small-hide av-mini-hide  avia-builder-el-0  el_before_av_slideshow_full  avia-builder-el-first   container_wrap sidebar_right'  ><div  class='avia-slideshow av-7wen8-028cc314241e6ec60edbd822679adb5c avia-slideshow-no scaling av_slideshow_full avia-slide-slider av-small-hide av-mini-hide av-slideshow-ui av-control-default av-slideshow-manual av-loop-once av-loop-manual-endless av-default-height-applied   avia-slideshow-1' data-slideshow-options=\"{&quot;animation&quot;:&quot;slide&quot;,&quot;autoplay&quot;:false,&quot;loop_autoplay&quot;:&quot;once&quot;,&quot;interval&quot;:5,&quot;loop_manual&quot;:&quot;manual-endless&quot;,&quot;autoplay_stopper&quot;:false,&quot;noNavigation&quot;:false,&quot;bg_slider&quot;:false,&quot;keep_padding&quot;:false,&quot;hoverpause&quot;:false,&quot;show_slide_delay&quot;:0}\"  itemprop=\"image\" itemscope=\"itemscope\" itemtype=\"https:\/\/schema.org\/ImageObject\" ><ul class='avia-slideshow-inner ' style='padding-bottom: 57.604166666667%;'><li  class='avia-slideshow-slide av-7wen8-028cc314241e6ec60edbd822679adb5c__0  av-single-slide slide-1 slide-odd'><div data-rel='slideshow-1' class='avia-slide-wrap '  title='Armin Kohl Consult Header 4' ><img decoding=\"async\" fetchpriority=\"high\" class=\"wp-image-356 avia-img-lazy-loading-not-356\"  src=\"https:\/\/armin-kohl-consult.at\/wp-content\/uploads\/2025\/11\/Header-1-4-red.jpg\" width=\"1920\" height=\"1106\" title='Header-1-4-red' alt='Armin Kohl Consult Header 4'  itemprop=\"thumbnailUrl\" srcset=\"https:\/\/armin-kohl-consult.at\/wp-content\/uploads\/2025\/11\/Header-1-4-red.jpg 1920w, https:\/\/armin-kohl-consult.at\/wp-content\/uploads\/2025\/11\/Header-1-4-red-300x173.jpg 300w, https:\/\/armin-kohl-consult.at\/wp-content\/uploads\/2025\/11\/Header-1-4-red-1030x593.jpg 1030w, https:\/\/armin-kohl-consult.at\/wp-content\/uploads\/2025\/11\/Header-1-4-red-768x442.jpg 768w, https:\/\/armin-kohl-consult.at\/wp-content\/uploads\/2025\/11\/Header-1-4-red-1536x885.jpg 1536w, https:\/\/armin-kohl-consult.at\/wp-content\/uploads\/2025\/11\/Header-1-4-red-1500x864.jpg 1500w, https:\/\/armin-kohl-consult.at\/wp-content\/uploads\/2025\/11\/Header-1-4-red-705x406.jpg 705w\" sizes=\"(max-width: 1920px) 100vw, 1920px\" \/><\/div><\/li><\/ul><\/div><\/div>\n<div id='full_slider_2'  class='avia-fullwidth-slider main_color avia-shadow av-desktop-hide av-medium-hide  avia-builder-el-1  el_after_av_slideshow_full  el_before_av_one_fifth   slider-not-first container_wrap sidebar_right'  ><div  class='avia-slideshow av-1y8yno-c8bb82650b9417f61b5440507eb5d6f6 avia-slideshow-no scaling av_slideshow_full avia-slide-slider av-desktop-hide av-medium-hide av-slideshow-ui av-control-default av-slideshow-manual av-loop-once av-loop-manual-endless av-default-height-applied   avia-slideshow-2' data-slideshow-options=\"{&quot;animation&quot;:&quot;slide&quot;,&quot;autoplay&quot;:false,&quot;loop_autoplay&quot;:&quot;once&quot;,&quot;interval&quot;:5,&quot;loop_manual&quot;:&quot;manual-endless&quot;,&quot;autoplay_stopper&quot;:false,&quot;noNavigation&quot;:false,&quot;bg_slider&quot;:false,&quot;keep_padding&quot;:false,&quot;hoverpause&quot;:false,&quot;show_slide_delay&quot;:0}\"  itemprop=\"image\" itemscope=\"itemscope\" itemtype=\"https:\/\/schema.org\/ImageObject\" ><ul class='avia-slideshow-inner ' style='padding-bottom: 57.604166666667%;'><li  class='avia-slideshow-slide av-1y8yno-c8bb82650b9417f61b5440507eb5d6f6__0  av-single-slide slide-1 slide-odd'><div data-rel='slideshow-2' class='avia-slide-wrap '  title='Armin Kohl Consult Header 2' ><img decoding=\"async\" fetchpriority=\"high\" class=\"wp-image-290 avia-img-lazy-loading-not-290\"  src=\"https:\/\/armin-kohl-consult.at\/wp-content\/uploads\/2025\/12\/Header-1-4-1-red.jpg\" width=\"1920\" height=\"1106\" title='Header-1-4-1-red' alt='Armin Kohl Consult Header 2'  itemprop=\"thumbnailUrl\" srcset=\"https:\/\/armin-kohl-consult.at\/wp-content\/uploads\/2025\/12\/Header-1-4-1-red.jpg 1920w, https:\/\/armin-kohl-consult.at\/wp-content\/uploads\/2025\/12\/Header-1-4-1-red-300x173.jpg 300w, https:\/\/armin-kohl-consult.at\/wp-content\/uploads\/2025\/12\/Header-1-4-1-red-1030x593.jpg 1030w, https:\/\/armin-kohl-consult.at\/wp-content\/uploads\/2025\/12\/Header-1-4-1-red-768x442.jpg 768w, https:\/\/armin-kohl-consult.at\/wp-content\/uploads\/2025\/12\/Header-1-4-1-red-1536x885.jpg 1536w, https:\/\/armin-kohl-consult.at\/wp-content\/uploads\/2025\/12\/Header-1-4-1-red-1500x864.jpg 1500w, https:\/\/armin-kohl-consult.at\/wp-content\/uploads\/2025\/12\/Header-1-4-1-red-705x406.jpg 705w\" sizes=\"(max-width: 1920px) 100vw, 1920px\" \/><\/div><\/li><\/ul><\/div><\/div><div id='after_full_slider_2'  class='main_color av_default_container_wrap container_wrap sidebar_right'  ><div class='container av-section-cont-open' ><div class='template-page content  av-content-small alpha units'><div class='post-entry post-entry-type-page post-entry-284'><div class='entry-content-wrapper clearfix'>\n<div  class='flex_column av-1jo3lg-0b0ba5fb7c26d216d8552201a268050c av_one_fifth  avia-builder-el-2  el_after_av_slideshow_full  el_before_av_three_fourth  avia-builder-el-first  first flex_column_div  '     ><\/div>\n<div  class='flex_column av-1ea6vw-e279643caccccddaaf082747287c1b5f av_three_fourth  avia-builder-el-3  el_after_av_one_fifth  el_before_av_hr  flex_column_div  '     ><p>\n<style type=\"text\/css\" data-created_by=\"avia_inline_auto\" id=\"style-css-av-mjftft3m-ec667169a816fcb301edc1282cb0d3e2\">\n#top .av-special-heading.av-mjftft3m-ec667169a816fcb301edc1282cb0d3e2{\npadding-bottom:10px;\n}\nbody .av-special-heading.av-mjftft3m-ec667169a816fcb301edc1282cb0d3e2 .av-special-heading-tag .heading-char{\nfont-size:25px;\n}\n.av-special-heading.av-mjftft3m-ec667169a816fcb301edc1282cb0d3e2 .av-subheading{\nfont-size:15px;\n}\n\n@media only screen and (max-width: 479px){ \n#top #wrap_all .av-special-heading.av-mjftft3m-ec667169a816fcb301edc1282cb0d3e2 .av-special-heading-tag{\nfont-size:25px;\n}\n}\n<\/style>\n<div  class='av-special-heading av-mjftft3m-ec667169a816fcb301edc1282cb0d3e2 av-special-heading-h1  avia-builder-el-4  el_before_av_textblock  avia-builder-el-first '><h1 class='av-special-heading-tag '  itemprop=\"headline\"  >Reconna\u00eetre les conflits d\u2018origine culturelle, r\u00e9soudre les probl\u00e8mes, cr\u00e9er l\u2019harmonie<\/h1><div class=\"special-heading-border\"><div class=\"special-heading-inner-border\"><\/div><\/div><\/div><br \/>\n<section  class='av_textblock_section av-mjfthsel-9063df95f06a6842d04162c9992330ec '   itemscope=\"itemscope\" itemtype=\"https:\/\/schema.org\/CreativeWork\" ><div class='avia_textblock'  itemprop=\"text\" ><ul>\n<li><span style=\"font-size: medium; font-family: arial, helvetica, sans-serif;\">Les relations avec les entreprises allemandes\/ autrichiennes sont souvent source de tensions. Il s&rsquo;agit l\u00e0 d&rsquo;un ph\u00e9nom\u00e8ne tout \u00e0 fait normal, qui trouve son origine dans le contexte culturel des partenaires commerciaux.<\/span><\/li>\n<li><span style=\"font-size: medium; font-family: arial, helvetica, sans-serif;\">Pour d\u00e9samorcer ces tensions et \u00e9viter qu&rsquo;elles ne d\u00e9g\u00e9n\u00e8rent en conflit, il est n\u00e9cessaire d&rsquo;avoir un regard objectif sur les deux cultures.<\/span><\/li>\n<\/ul>\n<p><span style=\"font-family: arial, helvetica, sans-serif; font-size: medium;\"><strong>>>> <a href=\"https:\/\/armin-kohl-consult.at\/fr\/offre-frz\/\">Vers mes offres<\/a><\/strong><\/span><\/p>\n<\/div><\/section><\/p><\/div>\n<div  class='hr av-16whas-89b953ebb98ac96ac2f9d414d8ece828 hr-default  avia-builder-el-6  el_after_av_three_fourth  el_before_av_one_fifth '><span class='hr-inner '><span class=\"hr-inner-style\"><\/span><\/span><\/div>\n<div  class='flex_column av-13px2k-1c6ae15795ce583aa806ba759cebd17b av_one_fifth  avia-builder-el-7  el_after_av_hr  el_before_av_three_fourth  first flex_column_div  '     ><\/div>\n<div  class='flex_column av-veop0-9f69c189b249ccd3a1b76edd8b780ec1 av_three_fourth  avia-builder-el-8  el_after_av_one_fifth  el_before_av_hr  flex_column_div  '     ><p>\n<style type=\"text\/css\" data-created_by=\"avia_inline_auto\" id=\"style-css-av-mjftis04-bb9777249503e8a4aaaa8257bc55e92c\">\n#top .av-special-heading.av-mjftis04-bb9777249503e8a4aaaa8257bc55e92c{\npadding-bottom:10px;\n}\nbody .av-special-heading.av-mjftis04-bb9777249503e8a4aaaa8257bc55e92c .av-special-heading-tag .heading-char{\nfont-size:25px;\n}\n.av-special-heading.av-mjftis04-bb9777249503e8a4aaaa8257bc55e92c .av-subheading{\nfont-size:15px;\n}\n\n@media only screen and (max-width: 479px){ \n#top #wrap_all .av-special-heading.av-mjftis04-bb9777249503e8a4aaaa8257bc55e92c .av-special-heading-tag{\nfont-size:25px;\n}\n}\n<\/style>\n<div  class='av-special-heading av-mjftis04-bb9777249503e8a4aaaa8257bc55e92c av-special-heading-h1  avia-builder-el-9  el_before_av_textblock  avia-builder-el-first '><h1 class='av-special-heading-tag '  itemprop=\"headline\"  >Tirer parti des diff\u00e9rences culturelles dans les relations commerciales avec la France<\/h1><div class=\"special-heading-border\"><div class=\"special-heading-inner-border\"><\/div><\/div><\/div><br \/>\n<section  class='av_textblock_section av-mjftjedn-ea42587e3439eddddcd20edc1c0d88a5 '   itemscope=\"itemscope\" itemtype=\"https:\/\/schema.org\/CreativeWork\" ><div class='avia_textblock'  itemprop=\"text\" ><ul>\n<li><span style=\"font-family: arial, helvetica, sans-serif; font-size: medium;\">Il existe des diff\u00e9rences culturelles marqu\u00e9es entre la France et l&rsquo;Autriche &#8211; mais aussi de nombreux points communs cach\u00e9s.<\/span><\/li>\n<li><span style=\"font-family: arial, helvetica, sans-serif; font-size: medium;\">On peut y voir un probl\u00e8me ou un potentiel de r\u00e9ussite commune.<\/span><\/li>\n<li><span style=\"font-family: arial, helvetica, sans-serif; font-size: medium;\">Je vous montre comment concilier les particularit\u00e9s fran\u00e7aises dans la vie professionnelle avec la culture d&rsquo;entreprise germanophones.<\/span><\/li>\n<li><span style=\"font-family: arial, helvetica, sans-serif; font-size: medium;\">Vous r\u00e9ussirez ainsi et apprendrez \u00e0 appr\u00e9cier vos partenaires d\u00f3utre Rhin d&rsquo;une toute nouvelle mani\u00e8re.<\/span><\/li>\n<\/ul>\n<p><strong><span style=\"font-family: arial, helvetica, sans-serif; font-size: medium;\">>>> <\/span><a href=\"https:\/\/armin-kohl-consult.at\/fr\/offre-frz\/\"><span style=\"font-family: arial, helvetica, sans-serif; font-size: medium;\">Vers mes offres<\/span><\/a><\/strong><\/p>\n<\/div><\/section><\/p><\/div>\n<div  class='hr av-onps4-6fef9d2fb67be78e846beb82c6e3c230 hr-default  avia-builder-el-11  el_after_av_three_fourth  el_before_av_one_fifth '><span class='hr-inner '><span class=\"hr-inner-style\"><\/span><\/span><\/div>\n<div  class='flex_column av-jgfhw-89eb00f94c3046109345c3a6bb2b4ace av_one_fifth  avia-builder-el-12  el_after_av_hr  el_before_av_three_fifth  first flex_column_div  '     ><\/div>\n<div  class='flex_column av-ey77w-fc0f964f3f5ee89312aacc7c5aa512ab av_three_fifth  avia-builder-el-13  el_after_av_one_fifth  avia-builder-el-last  flex_column_div  '     ><section  class='av_textblock_section av-mjftkrm6-f37d02d70255f18080b5fd9814a28414 '   itemscope=\"itemscope\" itemtype=\"https:\/\/schema.org\/CreativeWork\" ><div class='avia_textblock'  itemprop=\"text\" ><h4><span style=\"font-family: arial, helvetica, sans-serif;\"><span style=\"font-size: medium;\">Mes services vous int\u00e9ressent ?<\/span><\/span><\/h4>\n<h4><span style=\"font-family: arial, helvetica, sans-serif;\"><span style=\"font-size: medium;\">Acc\u00e9dez au formulaire de contact en un seul clic.<\/span><\/span><\/h4>\n<\/div><\/section><br \/>\n\n<style type=\"text\/css\" data-created_by=\"avia_inline_auto\" id=\"style-css-av-7nkqs-cd3fdd87a741740dddd3dd4048e51e93\">\n#top .hr.hr-invisible.av-7nkqs-cd3fdd87a741740dddd3dd4048e51e93{\nheight:30px;\n}\n<\/style>\n<div  class='hr av-7nkqs-cd3fdd87a741740dddd3dd4048e51e93 hr-invisible  avia-builder-el-15  el_after_av_textblock  el_before_av_button '><span class='hr-inner '><span class=\"hr-inner-style\"><\/span><\/span><\/div><br \/>\n<div  class='avia-button-wrap av-mkoazp6g-77a45df990ef6eeb72451dcd0f6e3422-wrap avia_animated_button av-animated-when-visible-95 fade-in avia-button-left  avia-builder-el-16  el_after_av_hr  avia-builder-el-last '><a href='https:\/\/armin-kohl-consult.at\/fr\/contact\/'  class='avia-button av-mkoazp6g-77a45df990ef6eeb72451dcd0f6e3422 av-link-btn avia-icon_select-no avia-size-x-large avia-position-left avia-color-theme-color'   aria-label=\"Cliquez ici !\"><span class='avia_iconbox_title' >Cliquez ici !<\/span><\/a><\/div><\/p><\/div>\n","protected":false},"excerpt":{"rendered":"","protected":false},"author":2,"featured_media":0,"parent":0,"menu_order":0,"comment_status":"closed","ping_status":"closed","template":"","meta":{"footnotes":""},"class_list":["post-284","page","type-page","status-publish","hentry"],"yoast_head":"<!-- This site is optimized with the Yoast SEO plugin v26.8 - https:\/\/yoast.com\/product\/yoast-seo-wordpress\/ -->\n<title>Page d\u2019accueil - Armin Kohl<\/title>\n<meta name=\"description\" content=\"Armin Kohl, consultant interculturel, vous aide \u00e0 comprendre les cultures allemande et autrichienne, \u00e0 pr\u00e9venir les conflits et \u00e0 transformer les diff\u00e9rences culturelles avec la France en succ\u00e8s professionnel.\" \/>\n<meta name=\"robots\" content=\"index, follow, max-snippet:-1, max-image-preview:large, max-video-preview:-1\" \/>\n<link rel=\"canonical\" href=\"https:\/\/armin-kohl-consult.at\/fr\/\" \/>\n<meta property=\"og:locale\" content=\"fr_FR\" \/>\n<meta property=\"og:type\" content=\"article\" \/>\n<meta property=\"og:title\" content=\"Page d\u2019accueil - Armin Kohl\" \/>\n<meta property=\"og:description\" content=\"Armin Kohl, consultant interculturel, vous aide \u00e0 comprendre les cultures allemande et autrichienne, \u00e0 pr\u00e9venir les conflits et \u00e0 transformer les diff\u00e9rences culturelles avec la France en succ\u00e8s professionnel.\" \/>\n<meta property=\"og:url\" content=\"https:\/\/armin-kohl-consult.at\/fr\/\" \/>\n<meta property=\"og:site_name\" content=\"Armin Kohl\" \/>\n<meta property=\"article:modified_time\" content=\"2026-01-21T17:35:12+00:00\" \/>\n<meta name=\"twitter:card\" content=\"summary_large_image\" \/>\n<meta name=\"twitter:label1\" content=\"Dur\u00e9e de lecture estim\u00e9e\" \/>\n\t<meta name=\"twitter:data1\" content=\"2 minutes\" \/>\n<script type=\"application\/ld+json\" class=\"yoast-schema-graph\">{\"@context\":\"https:\/\/schema.org\",\"@graph\":[{\"@type\":\"WebPage\",\"@id\":\"https:\/\/armin-kohl-consult.at\/fr\/\",\"url\":\"https:\/\/armin-kohl-consult.at\/fr\/\",\"name\":\"Page d\u2019accueil - Armin Kohl\",\"isPartOf\":{\"@id\":\"https:\/\/armin-kohl-consult.at\/fr\/#website\"},\"datePublished\":\"2025-10-31T16:40:47+00:00\",\"dateModified\":\"2026-01-21T17:35:12+00:00\",\"description\":\"Armin Kohl, consultant interculturel, vous aide \u00e0 comprendre les cultures allemande et autrichienne, \u00e0 pr\u00e9venir les conflits et \u00e0 transformer les diff\u00e9rences culturelles avec la France en succ\u00e8s professionnel.\",\"breadcrumb\":{\"@id\":\"https:\/\/armin-kohl-consult.at\/fr\/#breadcrumb\"},\"inLanguage\":\"fr-FR\",\"potentialAction\":[{\"@type\":\"ReadAction\",\"target\":[\"https:\/\/armin-kohl-consult.at\/fr\/\"]}]},{\"@type\":\"BreadcrumbList\",\"@id\":\"https:\/\/armin-kohl-consult.at\/fr\/#breadcrumb\",\"itemListElement\":[{\"@type\":\"ListItem\",\"position\":1,\"name\":\"Startseite\",\"item\":\"https:\/\/armin-kohl-consult.at\/fr\/armin-kohl-consultant-culture-allemande\/\"},{\"@type\":\"ListItem\",\"position\":2,\"name\":\"Page d\u2019accueil\"}]},{\"@type\":\"WebSite\",\"@id\":\"https:\/\/armin-kohl-consult.at\/fr\/#website\",\"url\":\"https:\/\/armin-kohl-consult.at\/fr\/\",\"name\":\"Armin Kohl Consult\",\"description\":\"\",\"publisher\":{\"@id\":\"https:\/\/armin-kohl-consult.at\/fr\/#\/schema\/person\/8bded802090b1d9d5ff3b22a2696ad32\"},\"potentialAction\":[{\"@type\":\"SearchAction\",\"target\":{\"@type\":\"EntryPoint\",\"urlTemplate\":\"https:\/\/armin-kohl-consult.at\/fr\/?s={search_term_string}\"},\"query-input\":{\"@type\":\"PropertyValueSpecification\",\"valueRequired\":true,\"valueName\":\"search_term_string\"}}],\"inLanguage\":\"fr-FR\"},{\"@type\":[\"Person\",\"Organization\"],\"@id\":\"https:\/\/armin-kohl-consult.at\/fr\/#\/schema\/person\/8bded802090b1d9d5ff3b22a2696ad32\",\"name\":\"Armin Kohl\",\"image\":{\"@type\":\"ImageObject\",\"inLanguage\":\"fr-FR\",\"@id\":\"https:\/\/armin-kohl-consult.at\/fr\/#\/schema\/person\/image\/\",\"url\":\"https:\/\/armin-kohl-consult.at\/wp-content\/uploads\/2025\/11\/logo-1-1.png\",\"contentUrl\":\"https:\/\/armin-kohl-consult.at\/wp-content\/uploads\/2025\/11\/logo-1-1.png\",\"width\":447,\"height\":222,\"caption\":\"Armin Kohl\"},\"logo\":{\"@id\":\"https:\/\/armin-kohl-consult.at\/fr\/#\/schema\/person\/image\/\"}}]}<\/script>\n<!-- \/ Yoast SEO plugin. -->","yoast_head_json":{"title":"Page d\u2019accueil - Armin Kohl","description":"Armin Kohl, consultant interculturel, vous aide \u00e0 comprendre les cultures allemande et autrichienne, \u00e0 pr\u00e9venir les conflits et \u00e0 transformer les diff\u00e9rences culturelles avec la France en succ\u00e8s professionnel.","robots":{"index":"index","follow":"follow","max-snippet":"max-snippet:-1","max-image-preview":"max-image-preview:large","max-video-preview":"max-video-preview:-1"},"canonical":"https:\/\/armin-kohl-consult.at\/fr\/","og_locale":"fr_FR","og_type":"article","og_title":"Page d\u2019accueil - Armin Kohl","og_description":"Armin Kohl, consultant interculturel, vous aide \u00e0 comprendre les cultures allemande et autrichienne, \u00e0 pr\u00e9venir les conflits et \u00e0 transformer les diff\u00e9rences culturelles avec la France en succ\u00e8s professionnel.","og_url":"https:\/\/armin-kohl-consult.at\/fr\/","og_site_name":"Armin Kohl","article_modified_time":"2026-01-21T17:35:12+00:00","twitter_card":"summary_large_image","twitter_misc":{"Dur\u00e9e de lecture estim\u00e9e":"2 minutes"},"schema":{"@context":"https:\/\/schema.org","@graph":[{"@type":"WebPage","@id":"https:\/\/armin-kohl-consult.at\/fr\/","url":"https:\/\/armin-kohl-consult.at\/fr\/","name":"Page d\u2019accueil - Armin Kohl","isPartOf":{"@id":"https:\/\/armin-kohl-consult.at\/fr\/#website"},"datePublished":"2025-10-31T16:40:47+00:00","dateModified":"2026-01-21T17:35:12+00:00","description":"Armin Kohl, consultant interculturel, vous aide \u00e0 comprendre les cultures allemande et autrichienne, \u00e0 pr\u00e9venir les conflits et \u00e0 transformer les diff\u00e9rences culturelles avec la France en succ\u00e8s professionnel.","breadcrumb":{"@id":"https:\/\/armin-kohl-consult.at\/fr\/#breadcrumb"},"inLanguage":"fr-FR","potentialAction":[{"@type":"ReadAction","target":["https:\/\/armin-kohl-consult.at\/fr\/"]}]},{"@type":"BreadcrumbList","@id":"https:\/\/armin-kohl-consult.at\/fr\/#breadcrumb","itemListElement":[{"@type":"ListItem","position":1,"name":"Startseite","item":"https:\/\/armin-kohl-consult.at\/fr\/armin-kohl-consultant-culture-allemande\/"},{"@type":"ListItem","position":2,"name":"Page d\u2019accueil"}]},{"@type":"WebSite","@id":"https:\/\/armin-kohl-consult.at\/fr\/#website","url":"https:\/\/armin-kohl-consult.at\/fr\/","name":"Armin Kohl Consult","description":"","publisher":{"@id":"https:\/\/armin-kohl-consult.at\/fr\/#\/schema\/person\/8bded802090b1d9d5ff3b22a2696ad32"},"potentialAction":[{"@type":"SearchAction","target":{"@type":"EntryPoint","urlTemplate":"https:\/\/armin-kohl-consult.at\/fr\/?s={search_term_string}"},"query-input":{"@type":"PropertyValueSpecification","valueRequired":true,"valueName":"search_term_string"}}],"inLanguage":"fr-FR"},{"@type":["Person","Organization"],"@id":"https:\/\/armin-kohl-consult.at\/fr\/#\/schema\/person\/8bded802090b1d9d5ff3b22a2696ad32","name":"Armin Kohl","image":{"@type":"ImageObject","inLanguage":"fr-FR","@id":"https:\/\/armin-kohl-consult.at\/fr\/#\/schema\/person\/image\/","url":"https:\/\/armin-kohl-consult.at\/wp-content\/uploads\/2025\/11\/logo-1-1.png","contentUrl":"https:\/\/armin-kohl-consult.at\/wp-content\/uploads\/2025\/11\/logo-1-1.png","width":447,"height":222,"caption":"Armin Kohl"},"logo":{"@id":"https:\/\/armin-kohl-consult.at\/fr\/#\/schema\/person\/image\/"}}]}},"_links":{"self":[{"href":"https:\/\/armin-kohl-consult.at\/fr\/wp-json\/wp\/v2\/pages\/284","targetHints":{"allow":["GET"]}}],"collection":[{"href":"https:\/\/armin-kohl-consult.at\/fr\/wp-json\/wp\/v2\/pages"}],"about":[{"href":"https:\/\/armin-kohl-consult.at\/fr\/wp-json\/wp\/v2\/types\/page"}],"author":[{"embeddable":true,"href":"https:\/\/armin-kohl-consult.at\/fr\/wp-json\/wp\/v2\/users\/2"}],"replies":[{"embeddable":true,"href":"https:\/\/armin-kohl-consult.at\/fr\/wp-json\/wp\/v2\/comments?post=284"}],"version-history":[{"count":14,"href":"https:\/\/armin-kohl-consult.at\/fr\/wp-json\/wp\/v2\/pages\/284\/revisions"}],"predecessor-version":[{"id":537,"href":"https:\/\/armin-kohl-consult.at\/fr\/wp-json\/wp\/v2\/pages\/284\/revisions\/537"}],"wp:attachment":[{"href":"https:\/\/armin-kohl-consult.at\/fr\/wp-json\/wp\/v2\/media?parent=284"}],"curies":[{"name":"wp","href":"https:\/\/api.w.org\/{rel}","templated":true}]}}